{"id":479,"date":"2023-04-14T23:18:21","date_gmt":"2023-04-14T23:18:21","guid":{"rendered":"https:\/\/bordahereu1693.com\/?page_id=479"},"modified":"2025-09-10T23:06:54","modified_gmt":"2025-09-10T23:06:54","slug":"equipo","status":"publish","type":"page","link":"https:\/\/bordahereu1693.com\/es\/equipo\/","title":{"rendered":"Equipo"},"content":{"rendered":"<p>[et_pb_section fb_built=\u00bb1&#8243; _builder_version=\u00bb4.20.4&#8243; _module_preset=\u00bbdefault\u00bb background_image=\u00bbhttps:\/\/bordahereu1693.com\/wp-content\/uploads\/2022\/11\/ft2.jpg\u00bb global_colors_info=\u00bb{}\u00bb][et_pb_row _builder_version=\u00bb4.20.4&#8243; _module_preset=\u00bbdefault\u00bb global_colors_info=\u00bb{}\u00bb][et_pb_column type=\u00bb4_4&#8243; _builder_version=\u00bb4.20.4&#8243; _module_preset=\u00bbdefault\u00bb global_colors_info=\u00bb{}\u00bb][et_pb_image src=\u00bbhttps:\/\/bordahereu1693.com\/wp-content\/uploads\/2023\/04\/logo-borda-blanco.png\u00bb title_text=\u00bblogo borda blanco\u00bb _builder_version=\u00bb4.20.4&#8243; _module_preset=\u00bbdefault\u00bb width=\u00bb58%\u00bb module_alignment=\u00bbcenter\u00bb global_colors_info=\u00bb{}\u00bb][\/et_pb_image][et_pb_text _builder_version=\u00bb4.20.4&#8243; _module_preset=\u00bbdefault\u00bb global_colors_info=\u00bb{}\u00bb]<\/p>\n<h1 style=\"text-align: center;\"><span style=\"color: #ffffff;\">L&#8217;equip<\/span><\/h1>\n<p>[\/et_pb_text][\/et_pb_column][\/et_pb_row][\/et_pb_section][et_pb_section fb_built=\u00bb1&#8243; disabled_on=\u00bboff|off|off\u00bb _builder_version=\u00bb4.20.4&#8243; _module_preset=\u00bbdefault\u00bb background_color=\u00bbrgba(224,162,29,0.14)\u00bb global_colors_info=\u00bb{}\u00bb][et_pb_row column_structure=\u00bb1_2,1_2&#8243; _builder_version=\u00bb4.20.4&#8243; _module_preset=\u00bbdefault\u00bb global_colors_info=\u00bb{}\u00bb][et_pb_column type=\u00bb1_2&#8243; _builder_version=\u00bb4.20.4&#8243; _module_preset=\u00bbdefault\u00bb global_colors_info=\u00bb{}\u00bb][et_pb_image src=\u00bbhttps:\/\/bordahereu1693.com\/wp-content\/uploads\/2025\/09\/Xavi-Chef-La-Borda-Hereu.jpg\u00bb title_text=\u00bbXavi Chef La Borda Hereu\u00bb _builder_version=\u00bb4.20.4&#8243; _module_preset=\u00bbdefault\u00bb global_colors_info=\u00bb{}\u00bb][\/et_pb_image][\/et_pb_column][et_pb_column type=\u00bb1_2&#8243; _builder_version=\u00bb4.20.4&#8243; _module_preset=\u00bbdefault\u00bb global_colors_info=\u00bb{}\u00bb][et_pb_text _builder_version=\u00bb4.20.4&#8243; _module_preset=\u00bbdefault\u00bb border_width_bottom=\u00bb2px\u00bb global_colors_info=\u00bb{}\u00bb]<\/p>\n<h2 class=\"p1\">\ud83d\udc68\u200d\ud83c\udf73 Xavi \u2013 Nuestro chef<\/h2>\n<p>[\/et_pb_text][et_pb_text _builder_version=\u00bb4.20.4&#8243; _module_preset=\u00bbdefault\u00bb text_font_size=\u00bb18px\u00bb text_line_height=\u00bb1.8em\u00bb global_colors_info=\u00bb{}\u00bb]<\/p>\n<p class=\"p1\">En la cocina de La Borda del Hereu 1693, Xavi es el alma creativa. Con pasi\u00f3n y respeto por el producto local, transforma la tradici\u00f3n en platos llenos de sabor y autenticidad. Cada receta es un homenaje a nuestra tierra y una experiencia para los sentidos.<\/p>\n<p>[\/et_pb_text][\/et_pb_column][\/et_pb_row][\/et_pb_section][et_pb_section fb_built=\u00bb1&#8243; disabled_on=\u00bboff|off|off\u00bb _builder_version=\u00bb4.20.4&#8243; _module_preset=\u00bbdefault\u00bb background_color=\u00bb#FFFFFF\u00bb global_colors_info=\u00bb{}\u00bb][et_pb_row column_structure=\u00bb1_2,1_2&#8243; _builder_version=\u00bb4.20.4&#8243; _module_preset=\u00bbdefault\u00bb global_colors_info=\u00bb{}\u00bb][et_pb_column type=\u00bb1_2&#8243; _builder_version=\u00bb4.20.4&#8243; _module_preset=\u00bbdefault\u00bb global_colors_info=\u00bb{}\u00bb][et_pb_image src=\u00bbhttps:\/\/bordahereu1693.com\/wp-content\/uploads\/2025\/09\/Alfonso-Cap-de-Sala.jpeg\u00bb title_text=\u00bbAlfonso Cap de Sala\u00bb _builder_version=\u00bb4.20.4&#8243; _module_preset=\u00bbdefault\u00bb global_colors_info=\u00bb{}\u00bb][\/et_pb_image][\/et_pb_column][et_pb_column type=\u00bb1_2&#8243; _builder_version=\u00bb4.20.4&#8243; _module_preset=\u00bbdefault\u00bb global_colors_info=\u00bb{}\u00bb][et_pb_text _builder_version=\u00bb4.20.4&#8243; _module_preset=\u00bbdefault\u00bb border_width_bottom=\u00bb2px\u00bb global_colors_info=\u00bb{}\u00bb]<\/p>\n<h2 class=\"p1\">\ud83c\udf77 Alfonso \u2013 Jefe de sala<\/h2>\n<p>[\/et_pb_text][et_pb_text _builder_version=\u00bb4.20.4&#8243; _module_preset=\u00bbdefault\u00bb text_font_size=\u00bb18px\u00bb text_line_height=\u00bb1.8em\u00bb global_colors_info=\u00bb{}\u00bb]<\/p>\n<p class=\"p1\">En el comedor, Alfonso es quien marca el ritmo y la armon\u00eda. Con profesionalidad y una atenci\u00f3n impecable, logra que cada comensal se sienta en casa. Su dedicaci\u00f3n y calidez convierten cada visita en un recuerdo inolvidable.<\/p>\n<p>[\/et_pb_text][\/et_pb_column][\/et_pb_row][\/et_pb_section][et_pb_section fb_built=\u00bb1&#8243; _builder_version=\u00bb4.19.1&#8243; _module_preset=\u00bbdefault\u00bb background_color=\u00bb#222222&#8243; global_colors_info=\u00bb{}\u00bb][et_pb_row column_structure=\u00bb1_4,1_4,1_4,1_4&#8243; use_custom_gutter=\u00bbon\u00bb _builder_version=\u00bb4.19.1&#8243; _module_preset=\u00bbdefault\u00bb width=\u00bb87%\u00bb max_width=\u00bb1389px\u00bb global_colors_info=\u00bb{}\u00bb][et_pb_column type=\u00bb1_4&#8243; _builder_version=\u00bb4.19.1&#8243; _module_preset=\u00bbdefault\u00bb global_colors_info=\u00bb{}\u00bb][et_pb_image src=\u00bbhttps:\/\/bordahereu1693.com\/wp-content\/uploads\/2022\/11\/logo-borda-andorra-400px-blanco.png\u00bb title_text=\u00bblogo borda andorra 400px blanco\u00bb _builder_version=\u00bb4.19.1&#8243; _module_preset=\u00bbdefault\u00bb global_colors_info=\u00bb{}\u00bb][\/et_pb_image][\/et_pb_column][et_pb_column type=\u00bb1_4&#8243; _builder_version=\u00bb4.19.1&#8243; _module_preset=\u00bbdefault\u00bb global_colors_info=\u00bb{}\u00bb][et_pb_text _builder_version=\u00bb4.19.1&#8243; _module_preset=\u00bbdefault\u00bb custom_padding=\u00bb||0px|||\u00bb global_colors_info=\u00bb{}\u00bb]<\/p>\n<p><span style=\"color: #808080;\">LA BORDA DE L&#8217;HEREU 1693<\/span><\/p>\n<p>Av. Princep Benlloch 22, Encamp, AD200.<br \/>Principat d&#8217;Andorra<\/p>\n<p class=\"has-grey-color has-text-color\"><span style=\"color: #999999;\"><a href=\"https:\/\/www.google.com\/maps\/dir\/\/la+borda+del+hereu\/@41.8819278,1.0629228,9z\/data=!4m8!4m7!1m0!1m5!1m1!1s0x12a58bd409f6d2e1:0x629fb88bf72dde3!2m2!1d1.5782088!2d42.5347349\" style=\"color: #999999;\">Com arribar<\/a><\/span><\/p>\n<p>[\/et_pb_text][et_pb_social_media_follow _builder_version=\u00bb4.19.1&#8243; _module_preset=\u00bbdefault\u00bb global_colors_info=\u00bb{}\u00bb][et_pb_social_media_follow_network social_network=\u00bbinstagram\u00bb url=\u00bbhttps:\/\/www.instagram.com\/bordahereu1693\/\u00bb _builder_version=\u00bb4.19.1&#8243; _module_preset=\u00bbdefault\u00bb background_color=\u00bb#ea2c59&#8243; global_colors_info=\u00bb{}\u00bb follow_button=\u00bboff\u00bb url_new_window=\u00bbon\u00bb]instagram[\/et_pb_social_media_follow_network][\/et_pb_social_media_follow][\/et_pb_column][et_pb_column type=\u00bb1_4&#8243; _builder_version=\u00bb4.19.1&#8243; _module_preset=\u00bbdefault\u00bb global_colors_info=\u00bb{}\u00bb][et_pb_text _builder_version=\u00bb4.19.1&#8243; _module_preset=\u00bbdefault\u00bb custom_margin=\u00bb||13px|||\u00bb global_colors_info=\u00bb{}\u00bb]<\/p>\n<p><span style=\"color: #808080;\">RESERVES<\/span><\/p>\n<p>[\/et_pb_text][et_pb_text _builder_version=\u00bb4.19.1&#8243; _module_preset=\u00bbdefault\u00bb global_colors_info=\u00bb{}\u00bb]<\/p>\n<p>Pots fer una reserva trucant per tel\u00e8fon, per correu electr\u00f2nic o per whatsapp.<\/p>\n<p>[\/et_pb_text][et_pb_text _builder_version=\u00bb4.19.1&#8243; _module_preset=\u00bbdefault\u00bb global_colors_info=\u00bb{}\u00bb]<\/p>\n<p><span style=\"color: #999999;\"><a href=\"mailto:reserves@bordahereu1693.com\" style=\"color: #999999;\">reserves@bordahereu1693.com<\/a><\/span><\/p>\n<p><span style=\"color: #999999;\"><a href=\"tel:+376364646\" style=\"color: #999999;\">+376 36 46 46<\/a><\/span><\/p>\n<p>[\/et_pb_text][\/et_pb_column][et_pb_column type=\u00bb1_4&#8243; _builder_version=\u00bb4.19.1&#8243; _module_preset=\u00bbdefault\u00bb global_colors_info=\u00bb{}\u00bb][et_pb_text _builder_version=\u00bb4.19.1&#8243; _module_preset=\u00bbdefault\u00bb custom_margin=\u00bb||13px|||\u00bb global_colors_info=\u00bb{}\u00bb]<\/p>\n<p><span style=\"color: #808080;\">HORARI<\/span><\/p>\n<p><span style=\"color: #808080;\">Dilluns i Dimarts tancat<\/span><br \/><span style=\"color: #808080;\">Dimecres: <\/span>13:00 a 16:00 i 20:00 a 22:30<br \/><span style=\"color: #808080;\">Dijous: <\/span>13:00 a 16:30 i 20:00 a 02:00<br \/><span style=\"color: #808080;\">Divendres:<\/span> 13:00 a 16:30 i 20:00 a 02:00<br \/><span style=\"color: #808080;\">Dissabte:<\/span> 13:00 a 16:30 i 20:00 a 02:00<br \/><span style=\"color: #808080;\">Diumenge:<\/span> 13:00 a 16:00 i 20:00 a 22:30<\/p>\n<p>[\/et_pb_text][\/et_pb_column][\/et_pb_row][\/et_pb_section]<\/p>\n","protected":false},"excerpt":{"rendered":"<p>L&#8217;equip\ud83d\udc68\u200d\ud83c\udf73 Xavi \u2013 Nuestro chefEn la cocina de La Borda del Hereu 1693, Xavi es el alma creativa. Con pasi\u00f3n y respeto por el producto local, transforma la tradici\u00f3n en platos llenos de sabor y autenticidad. Cada receta es un homenaje a nuestra tierra y una experiencia para los sentidos.\ud83c\udf77 Alfonso \u2013 Jefe de salaEn [&hellip;]<\/p>\n","protected":false},"author":1,"featured_media":0,"parent":0,"menu_order":0,"comment_status":"closed","ping_status":"closed","template":"","meta":{"_et_pb_use_builder":"on","_et_pb_old_content":"","_et_gb_content_width":"","footnotes":""},"class_list":["post-479","page","type-page","status-publish","hentry"],"yoast_head":"<!-- This site is optimized with the Yoast SEO plugin v27.4 - https:\/\/yoast.com\/product\/yoast-seo-wordpress\/ -->\n<title>Equipo - La Borda de l&#039;Hereu 1693<\/title>\n<meta name=\"robots\" content=\"index, follow, max-snippet:-1, max-image-preview:large, max-video-preview:-1\" \/>\n<link rel=\"canonical\" href=\"https:\/\/bordahereu1693.com\/es\/equipo\/\" \/>\n<meta property=\"og:locale\" content=\"es_ES\" \/>\n<meta property=\"og:type\" content=\"article\" \/>\n<meta property=\"og:title\" content=\"Equipo - La Borda de l&#039;Hereu 1693\" \/>\n<meta property=\"og:description\" content=\"L&#039;equip\ud83d\udc68\u200d\ud83c\udf73 Xavi \u2013 Nuestro chefEn la cocina de La Borda del Hereu 1693, Xavi es el alma creativa. Con pasi\u00f3n y respeto por el producto local, transforma la tradici\u00f3n en platos llenos de sabor y autenticidad. Cada receta es un homenaje a nuestra tierra y una experiencia para los sentidos.\ud83c\udf77 Alfonso \u2013 Jefe de salaEn [&hellip;]\" \/>\n<meta property=\"og:url\" content=\"https:\/\/bordahereu1693.com\/es\/equipo\/\" \/>\n<meta property=\"og:site_name\" content=\"La Borda de l&#039;Hereu 1693\" \/>\n<meta property=\"article:modified_time\" content=\"2025-09-10T23:06:54+00:00\" \/>\n<meta name=\"twitter:card\" content=\"summary_large_image\" \/>\n<meta name=\"twitter:label1\" content=\"Tiempo de lectura\" \/>\n\t<meta name=\"twitter:data1\" content=\"3 minutos\" \/>\n<script type=\"application\/ld+json\" class=\"yoast-schema-graph\">{\"@context\":\"https:\\\/\\\/schema.org\",\"@graph\":[{\"@type\":\"WebPage\",\"@id\":\"https:\\\/\\\/bordahereu1693.com\\\/es\\\/equipo\\\/\",\"url\":\"https:\\\/\\\/bordahereu1693.com\\\/es\\\/equipo\\\/\",\"name\":\"Equipo - La Borda de l&#039;Hereu 1693\",\"isPartOf\":{\"@id\":\"https:\\\/\\\/bordahereu1693.com\\\/#website\"},\"datePublished\":\"2023-04-14T23:18:21+00:00\",\"dateModified\":\"2025-09-10T23:06:54+00:00\",\"breadcrumb\":{\"@id\":\"https:\\\/\\\/bordahereu1693.com\\\/es\\\/equipo\\\/#breadcrumb\"},\"inLanguage\":\"es\",\"potentialAction\":[{\"@type\":\"ReadAction\",\"target\":[\"https:\\\/\\\/bordahereu1693.com\\\/es\\\/equipo\\\/\"]}]},{\"@type\":\"BreadcrumbList\",\"@id\":\"https:\\\/\\\/bordahereu1693.com\\\/es\\\/equipo\\\/#breadcrumb\",\"itemListElement\":[{\"@type\":\"ListItem\",\"position\":1,\"name\":\"Inici\",\"item\":\"https:\\\/\\\/bordahereu1693.com\\\/es\\\/\"},{\"@type\":\"ListItem\",\"position\":2,\"name\":\"Equipo\"}]},{\"@type\":\"WebSite\",\"@id\":\"https:\\\/\\\/bordahereu1693.com\\\/#website\",\"url\":\"https:\\\/\\\/bordahereu1693.com\\\/\",\"name\":\"La Borda de l&#039;Hereu 1693\",\"description\":\"\",\"potentialAction\":[{\"@type\":\"SearchAction\",\"target\":{\"@type\":\"EntryPoint\",\"urlTemplate\":\"https:\\\/\\\/bordahereu1693.com\\\/?s={search_term_string}\"},\"query-input\":{\"@type\":\"PropertyValueSpecification\",\"valueRequired\":true,\"valueName\":\"search_term_string\"}}],\"inLanguage\":\"es\"}]}<\/script>\n<!-- \/ Yoast SEO plugin. -->","yoast_head_json":{"title":"Equipo - La Borda de l&#039;Hereu 1693","robots":{"index":"index","follow":"follow","max-snippet":"max-snippet:-1","max-image-preview":"max-image-preview:large","max-video-preview":"max-video-preview:-1"},"canonical":"https:\/\/bordahereu1693.com\/es\/equipo\/","og_locale":"es_ES","og_type":"article","og_title":"Equipo - La Borda de l&#039;Hereu 1693","og_description":"L'equip\ud83d\udc68\u200d\ud83c\udf73 Xavi \u2013 Nuestro chefEn la cocina de La Borda del Hereu 1693, Xavi es el alma creativa. Con pasi\u00f3n y respeto por el producto local, transforma la tradici\u00f3n en platos llenos de sabor y autenticidad. Cada receta es un homenaje a nuestra tierra y una experiencia para los sentidos.\ud83c\udf77 Alfonso \u2013 Jefe de salaEn [&hellip;]","og_url":"https:\/\/bordahereu1693.com\/es\/equipo\/","og_site_name":"La Borda de l&#039;Hereu 1693","article_modified_time":"2025-09-10T23:06:54+00:00","twitter_card":"summary_large_image","twitter_misc":{"Tiempo de lectura":"3 minutos"},"schema":{"@context":"https:\/\/schema.org","@graph":[{"@type":"WebPage","@id":"https:\/\/bordahereu1693.com\/es\/equipo\/","url":"https:\/\/bordahereu1693.com\/es\/equipo\/","name":"Equipo - La Borda de l&#039;Hereu 1693","isPartOf":{"@id":"https:\/\/bordahereu1693.com\/#website"},"datePublished":"2023-04-14T23:18:21+00:00","dateModified":"2025-09-10T23:06:54+00:00","breadcrumb":{"@id":"https:\/\/bordahereu1693.com\/es\/equipo\/#breadcrumb"},"inLanguage":"es","potentialAction":[{"@type":"ReadAction","target":["https:\/\/bordahereu1693.com\/es\/equipo\/"]}]},{"@type":"BreadcrumbList","@id":"https:\/\/bordahereu1693.com\/es\/equipo\/#breadcrumb","itemListElement":[{"@type":"ListItem","position":1,"name":"Inici","item":"https:\/\/bordahereu1693.com\/es\/"},{"@type":"ListItem","position":2,"name":"Equipo"}]},{"@type":"WebSite","@id":"https:\/\/bordahereu1693.com\/#website","url":"https:\/\/bordahereu1693.com\/","name":"La Borda de l&#039;Hereu 1693","description":"","potentialAction":[{"@type":"SearchAction","target":{"@type":"EntryPoint","urlTemplate":"https:\/\/bordahereu1693.com\/?s={search_term_string}"},"query-input":{"@type":"PropertyValueSpecification","valueRequired":true,"valueName":"search_term_string"}}],"inLanguage":"es"}]}},"_links":{"self":[{"href":"https:\/\/bordahereu1693.com\/es\/wp-json\/wp\/v2\/pages\/479","targetHints":{"allow":["GET"]}}],"collection":[{"href":"https:\/\/bordahereu1693.com\/es\/wp-json\/wp\/v2\/pages"}],"about":[{"href":"https:\/\/bordahereu1693.com\/es\/wp-json\/wp\/v2\/types\/page"}],"author":[{"embeddable":true,"href":"https:\/\/bordahereu1693.com\/es\/wp-json\/wp\/v2\/users\/1"}],"replies":[{"embeddable":true,"href":"https:\/\/bordahereu1693.com\/es\/wp-json\/wp\/v2\/comments?post=479"}],"version-history":[{"count":14,"href":"https:\/\/bordahereu1693.com\/es\/wp-json\/wp\/v2\/pages\/479\/revisions"}],"predecessor-version":[{"id":851,"href":"https:\/\/bordahereu1693.com\/es\/wp-json\/wp\/v2\/pages\/479\/revisions\/851"}],"wp:attachment":[{"href":"https:\/\/bordahereu1693.com\/es\/wp-json\/wp\/v2\/media?parent=479"}],"curies":[{"name":"wp","href":"https:\/\/api.w.org\/{rel}","templated":true}]}}