{"id":5,"date":"2022-11-22T22:09:10","date_gmt":"2022-11-22T22:09:10","guid":{"rendered":"https:\/\/bordahereu1693.com\/?page_id=5"},"modified":"2025-10-17T12:07:22","modified_gmt":"2025-10-17T12:07:22","slug":"borda-encamp","status":"publish","type":"page","link":"https:\/\/bordahereu1693.com\/es\/","title":{"rendered":"Borda de l&#8217; Hereu"},"content":{"rendered":"<p>[et_pb_section fb_built=\u00bb1&#8243; fullwidth=\u00bbon\u00bb _builder_version=\u00bb4.19.1&#8243; _module_preset=\u00bbdefault\u00bb global_colors_info=\u00bb{}\u00bb][et_pb_fullwidth_header text_orientation=\u00bbcenter\u00bb header_fullscreen=\u00bbon\u00bb content_tablet=\u00bb<\/p>\n<h1 class=%22has-grey-color has-text-color%22>Ven a probar la gastronom\u00eda de monta\u00f1a y disfruta de una borda<\/h1>\n<h1 class=%22has-grey-color has-text-color%22>del siglo XVII.<\/h1>\n<h3 class=%22has-grey-color has-text-color%22><\/h3>\n<h3 class=%22has-grey-color has-text-color%22><\/h3>\n<p>\u00bb content_phone=\u00bb<\/p>\n<h1 class=%22has-grey-color has-text-color%22>Ven a probar la gastronom\u00eda de monta\u00f1a y disfruta de una borda<\/h1>\n<h1 class=%22has-grey-color has-text-color%22>del siglo XVII.<\/h1>\n<h3 class=%22has-grey-color has-text-color%22><\/h3>\n<h3 class=%22has-grey-color has-text-color%22><\/h3>\n<p>\u00bb content_last_edited=\u00bbon|phone\u00bb _builder_version=\u00bb4.19.1&#8243; _module_preset=\u00bbdefault\u00bb title_font_size=\u00bb40px\u00bb title_line_height=\u00bb1.2em\u00bb content_font_size=\u00bb18px\u00bb content_letter_spacing=\u00bb1px\u00bb subhead_font_size=\u00bb26px\u00bb subhead_line_height=\u00bb1.1em\u00bb background_enable_color=\u00bboff\u00bb background_image=\u00bbhttps:\/\/bordahereu1693.com\/wp-content\/uploads\/2023\/02\/lbordahereuandorra-scaled.jpg\u00bb custom_padding=\u00bb|5px||5px|false|true\u00bb title_text_color_tablet=\u00bb\u00bb title_text_color_phone=\u00bb\u00bb title_text_color_last_edited=\u00bbon|phone\u00bb title_font_size_tablet=\u00bb40px\u00bb title_font_size_phone=\u00bb36px\u00bb title_font_size_last_edited=\u00bbon|desktop\u00bb subhead_font_size_tablet=\u00bb26px\u00bb subhead_font_size_phone=\u00bb26px\u00bb subhead_font_size_last_edited=\u00bbon|tablet\u00bb title_text_shadow_style=\u00bbpreset2&#8243; global_colors_info=\u00bb{}\u00bb]<\/p>\n<h1 class=\"has-grey-color has-text-color\">Ven a probar la gastronom\u00eda de monta\u00f1a y disfruta de una borda<\/h1>\n<h1 class=\"has-grey-color has-text-color\">del siglo XVII.<\/h1>\n<h3 class=\"has-grey-color has-text-color\"><\/h3>\n<h3 class=\"has-grey-color has-text-color\"><\/h3>\n<p>[\/et_pb_fullwidth_header][\/et_pb_section][et_pb_section fb_built=\u00bb1&#8243; _builder_version=\u00bb4.19.1&#8243; _module_preset=\u00bbdefault\u00bb global_colors_info=\u00bb{}\u00bb][et_pb_row column_structure=\u00bb1_5,3_5,1_5&#8243; _builder_version=\u00bb4.19.1&#8243; _module_preset=\u00bbdefault\u00bb global_colors_info=\u00bb{}\u00bb][et_pb_column type=\u00bb1_5&#8243; _builder_version=\u00bb4.19.1&#8243; _module_preset=\u00bbdefault\u00bb global_colors_info=\u00bb{}\u00bb][\/et_pb_column][et_pb_column type=\u00bb3_5&#8243; _builder_version=\u00bb4.19.1&#8243; _module_preset=\u00bbdefault\u00bb global_colors_info=\u00bb{}\u00bb][et_pb_image src=\u00bbhttps:\/\/bordahereu1693.com\/wp-content\/uploads\/2022\/11\/Logos-Borda-2.png\u00bb title_text=\u00bbLogos Borda 2&#8243; _builder_version=\u00bb4.19.1&#8243; _module_preset=\u00bbdefault\u00bb global_colors_info=\u00bb{}\u00bb][\/et_pb_image][\/et_pb_column][et_pb_column type=\u00bb1_5&#8243; _builder_version=\u00bb4.19.1&#8243; _module_preset=\u00bbdefault\u00bb global_colors_info=\u00bb{}\u00bb][\/et_pb_column][\/et_pb_row][et_pb_row _builder_version=\u00bb4.19.1&#8243; _module_preset=\u00bbdefault\u00bb global_colors_info=\u00bb{}\u00bb][et_pb_column type=\u00bb4_4&#8243; _builder_version=\u00bb4.19.1&#8243; _module_preset=\u00bbdefault\u00bb global_colors_info=\u00bb{}\u00bb][et_pb_text _builder_version=\u00bb4.19.1&#8243; _module_preset=\u00bbdefault\u00bb global_colors_info=\u00bb{}\u00bb]<\/p>\n<p>Cuantas veces habremos o\u00eddo la famosa frase \u201cSi estas paredes hablaran\u2026\u201d. El tiempo pasa y la sociedad se transforma a gran velocidad sin embargo, hay lugares que permanecen y nos acompa\u00f1an convirti\u00e9ndose en testimonios de nuestra historia y resguardo de nuestra tradici\u00f3n.<\/p>\n<p>La Borda de l\u2019Hereu, ubicada en la parroquia de Encamp, empieza un nuevo camino aprendiendo de la prestigiosa trayectoria anterior y proyect\u00e1ndose hacia nuevos caminos por explorar para sorprender a los paladares m\u00e1s selectos.<\/p>\n<p>En 1693, las paredes que hoy nos envuelven, se erigieron por primera vez manteni\u00e9ndose hasta hoy en d\u00eda. Aqu\u00ed, d\u00f3nde hoy se mezclan palabras, aromas y producto de proximidad; siglos atr\u00e1s se resguardaba al ganado y se almacenaban los v\u00edveres durante los largos meses de fr\u00edo. Debemos destacar que la sociedad andorra moderna es reciente. Hasta mediados del siglo XX la vida rural era nuestra forma de vida hasta que la llegada de nuevos mercados nos inici\u00f3 en la transici\u00f3n hacia la modernidad.<\/p>\n<p>[\/et_pb_text][\/et_pb_column][\/et_pb_row][\/et_pb_section][et_pb_section fb_built=\u00bb1&#8243; _builder_version=\u00bb4.19.1&#8243; _module_preset=\u00bbdefault\u00bb background_color=\u00bb#f4f4f4&#8243; hover_enabled=\u00bb0&#8243; global_colors_info=\u00bb{}\u00bb sticky_enabled=\u00bb0&#8243;][et_pb_row _builder_version=\u00bb4.19.1&#8243; _module_preset=\u00bbdefault\u00bb global_colors_info=\u00bb{}\u00bb][et_pb_column type=\u00bb4_4&#8243; _builder_version=\u00bb4.19.1&#8243; _module_preset=\u00bbdefault\u00bb global_colors_info=\u00bb{}\u00bb][et_pb_text _builder_version=\u00bb4.19.1&#8243; _module_preset=\u00bbdefault\u00bb global_colors_info=\u00bb{}\u00bb]<\/p>\n<h2 style=\"text-align: center;\">La Carta<\/h2>\n<p>[\/et_pb_text][et_pb_text _builder_version=\u00bb4.19.1&#8243; _module_preset=\u00bbdefault\u00bb global_colors_info=\u00bb{}\u00bb]<\/p>\n<p>Tras largos meses de dedicaci\u00f3n, construcci\u00f3n y selecci\u00f3n de producto de calidad os proponemos una carta\u00a0 firmada por el chef ejecutivo Jo\u00ebl Sala en la que nuestras ra\u00edces se ponen al servicio de\u00a0 una oferta gastron\u00f3mica vinculada a la esencia de nuestros or\u00edgenes.<\/p>\n<p>[\/et_pb_text][\/et_pb_column][\/et_pb_row][et_pb_row _builder_version=\u00bb4.19.1&#8243; _module_preset=\u00bbdefault\u00bb global_colors_info=\u00bb{}\u00bb][et_pb_column type=\u00bb4_4&#8243; _builder_version=\u00bb4.19.1&#8243; _module_preset=\u00bbdefault\u00bb global_colors_info=\u00bb{}\u00bb][et_pb_button button_url=\u00bbhttps:\/\/bordahereu1693.com\/wp-content\/uploads\/2025\/10\/CARTA-BORDA-HIVERN-25-.pdf-3.pdf\u00bb button_text=\u00bbVER LA CARTA\u00bb button_alignment=\u00bbcenter\u00bb _builder_version=\u00bb4.20.4&#8243; _module_preset=\u00bbdefault\u00bb custom_button=\u00bbon\u00bb button_text_size=\u00bb17px\u00bb button_text_color=\u00bb#000000&#8243; global_colors_info=\u00bb{}\u00bb][\/et_pb_button][\/et_pb_column][\/et_pb_row][\/et_pb_section][et_pb_section fb_built=\u00bb1&#8243; _builder_version=\u00bb4.20.4&#8243; _module_preset=\u00bbdefault\u00bb global_colors_info=\u00bb{}\u00bb][et_pb_row column_structure=\u00bb1_3,1_3,1_3&#8243; _builder_version=\u00bb4.20.4&#8243; _module_preset=\u00bbdefault\u00bb global_colors_info=\u00bb{}\u00bb][et_pb_column type=\u00bb1_3&#8243; _builder_version=\u00bb4.20.4&#8243; _module_preset=\u00bbdefault\u00bb global_colors_info=\u00bb{}\u00bb][et_pb_image src=\u00bbhttps:\/\/bordahereu1693.com\/wp-content\/uploads\/2024\/05\/Borda-Hereu-1693-Gastronomia-1.jpg\u00bb title_text=\u00bbBorda Hereu 1693 Gastronomia-1&#8243; _builder_version=\u00bb4.20.4&#8243; _module_preset=\u00bbdefault\u00bb global_colors_info=\u00bb{}\u00bb][\/et_pb_image][\/et_pb_column][et_pb_column type=\u00bb1_3&#8243; _builder_version=\u00bb4.20.4&#8243; _module_preset=\u00bbdefault\u00bb global_colors_info=\u00bb{}\u00bb][et_pb_image src=\u00bbhttps:\/\/bordahereu1693.com\/wp-content\/uploads\/2024\/05\/Borda-Hereu-1693-Gastronomia-4.jpg\u00bb title_text=\u00bbBorda Hereu 1693 Gastronomia-4&#8243; _builder_version=\u00bb4.20.4&#8243; _module_preset=\u00bbdefault\u00bb global_colors_info=\u00bb{}\u00bb][\/et_pb_image][\/et_pb_column][et_pb_column type=\u00bb1_3&#8243; _builder_version=\u00bb4.20.4&#8243; _module_preset=\u00bbdefault\u00bb global_colors_info=\u00bb{}\u00bb][et_pb_image src=\u00bbhttps:\/\/bordahereu1693.com\/wp-content\/uploads\/2024\/05\/Borda-Hereu-1693-Gastronomia-5.jpg\u00bb title_text=\u00bbBorda Hereu 1693 Gastronomia-5&#8243; _builder_version=\u00bb4.20.4&#8243; _module_preset=\u00bbdefault\u00bb global_colors_info=\u00bb{}\u00bb][\/et_pb_image][\/et_pb_column][\/et_pb_row][\/et_pb_section][et_pb_section fb_built=\u00bb1&#8243; theme_builder_area=\u00bbpost_content\u00bb _builder_version=\u00bb4.20.4&#8243; _module_preset=\u00bbdefault\u00bb background_color=\u00bb#f4f4f4&#8243;][et_pb_row _builder_version=\u00bb4.20.4&#8243; _module_preset=\u00bbdefault\u00bb theme_builder_area=\u00bbpost_content\u00bb][et_pb_column _builder_version=\u00bb4.20.4&#8243; _module_preset=\u00bbdefault\u00bb type=\u00bb4_4&#8243; theme_builder_area=\u00bbpost_content\u00bb][et_pb_text _builder_version=\u00bb4.20.4&#8243; _module_preset=\u00bbdefault\u00bb theme_builder_area=\u00bbpost_content\u00bb hover_enabled=\u00bb0&#8243; sticky_enabled=\u00bb0&#8243;]<\/p>\n<h1 style=\"text-align: center;\">RESERVAS<\/h1>\n<p>[\/et_pb_text][\/et_pb_column][\/et_pb_row][et_pb_row _builder_version=\u00bb4.20.4&#8243; _module_preset=\u00bbdefault\u00bb theme_builder_area=\u00bbpost_content\u00bb][et_pb_column _builder_version=\u00bb4.20.4&#8243; _module_preset=\u00bbdefault\u00bb type=\u00bb4_4&#8243; theme_builder_area=\u00bbpost_content\u00bb][et_pb_code _builder_version=\u00bb4.20.4&#8243; _module_preset=\u00bbdefault\u00bb theme_builder_area=\u00bbpost_content\u00bb hover_enabled=\u00bb0&#8243; sticky_enabled=\u00bb0&#8243;]<script type=\"text\/javascript\"<!-- [et_pb_line_break_holder] -->                                                                                        src=\"https:\/\/www.covermanager.com\/js\/iframeResizer\/iframeResizer.min.js\"><\/script><iframe<!-- [et_pb_line_break_holder] -->                                                            id=\u00bbborda-de-l-hereu-1693&#8243; title=\u00bbReservas\u00bb<!-- [et_pb_line_break_holder] -->                                                            src=\u00bbhttps:\/\/www.covermanager.com\/reservation\/module_restaurant\/borda-de-l-hereu-1693\/spanish\u00bb<!-- [et_pb_line_break_holder] -->                                                            allow=\u00bbpayment\u00bb frameborder=\u00bb0&#8243; height=\u00bb550&#8243; width=\u00bb100%\u00bb onload=\u00bbiFrameResize();\u00bb><\/iframe>[\/et_pb_code][\/et_pb_column][\/et_pb_row][\/et_pb_section][et_pb_section fb_built=\u00bb1&#8243; _builder_version=\u00bb4.19.1&#8243; _module_preset=\u00bbdefault\u00bb background_color=\u00bb#222222&#8243; custom_padding=\u00bb||54px|||\u00bb global_colors_info=\u00bb{}\u00bb][et_pb_row column_structure=\u00bb1_5,1_5,1_5,1_5,1_5&#8243; use_custom_gutter=\u00bbon\u00bb _builder_version=\u00bb4.20.4&#8243; _module_preset=\u00bbdefault\u00bb width=\u00bb87%\u00bb max_width=\u00bb1677px\u00bb global_colors_info=\u00bb{}\u00bb][et_pb_column type=\u00bb1_5&#8243; _builder_version=\u00bb4.19.1&#8243; _module_preset=\u00bbdefault\u00bb global_colors_info=\u00bb{}\u00bb][et_pb_image src=\u00bbhttps:\/\/bordahereu1693.com\/wp-content\/uploads\/2022\/11\/logo-borda-andorra-400px-blanco.png\u00bb title_text=\u00bblogo borda andorra 400px blanco\u00bb _builder_version=\u00bb4.19.1&#8243; _module_preset=\u00bbdefault\u00bb global_colors_info=\u00bb{}\u00bb][\/et_pb_image][\/et_pb_column][et_pb_column type=\u00bb1_5&#8243; _builder_version=\u00bb4.19.1&#8243; _module_preset=\u00bbdefault\u00bb global_colors_info=\u00bb{}\u00bb][et_pb_text _builder_version=\u00bb4.19.1&#8243; _module_preset=\u00bbdefault\u00bb custom_padding=\u00bb||0px|||\u00bb global_colors_info=\u00bb{}\u00bb]<\/p>\n<p><span style=\"color: #808080;\">LA BORDA DE L&#8217;HEREU 1693<\/span><\/p>\n<p>Av. Princep Benlloch 22, Encamp, AD200.<br \/>Principat d&#8217;Andorra<\/p>\n<p class=\"has-grey-color has-text-color\"><span style=\"color: #999999;\"><a href=\"https:\/\/www.google.com\/maps\/dir\/\/la+borda+del+hereu\/@41.8819278,1.0629228,9z\/data=!4m8!4m7!1m0!1m5!1m1!1s0x12a58bd409f6d2e1:0x629fb88bf72dde3!2m2!1d1.5782088!2d42.5347349\" style=\"color: #999999;\">C\u00f3mo Llegar<\/a><\/span><\/p>\n<p>[\/et_pb_text][et_pb_social_media_follow _builder_version=\u00bb4.19.1&#8243; _module_preset=\u00bbdefault\u00bb global_colors_info=\u00bb{}\u00bb][et_pb_social_media_follow_network social_network=\u00bbinstagram\u00bb url=\u00bbhttps:\/\/www.instagram.com\/bordahereu1693\/\u00bb _builder_version=\u00bb4.19.1&#8243; _module_preset=\u00bbdefault\u00bb background_color=\u00bb#ea2c59&#8243; global_colors_info=\u00bb{}\u00bb follow_button=\u00bboff\u00bb url_new_window=\u00bbon\u00bb]instagram[\/et_pb_social_media_follow_network][\/et_pb_social_media_follow][\/et_pb_column][et_pb_column type=\u00bb1_5&#8243; _builder_version=\u00bb4.19.1&#8243; _module_preset=\u00bbdefault\u00bb global_colors_info=\u00bb{}\u00bb][et_pb_text _builder_version=\u00bb4.19.1&#8243; _module_preset=\u00bbdefault\u00bb custom_margin=\u00bb||13px|||\u00bb global_colors_info=\u00bb{}\u00bb]<\/p>\n<p><span style=\"color: #808080;\">RESERVAS<\/span><\/p>\n<p>[\/et_pb_text][et_pb_text _builder_version=\u00bb4.19.1&#8243; _module_preset=\u00bbdefault\u00bb global_colors_info=\u00bb{}\u00bb]<\/p>\n<p>Puedes hacer una reserva llamando por tel\u00e9fono, por correo electr\u00f3nico o por whatsapp.<\/p>\n<p>[\/et_pb_text][et_pb_text _builder_version=\u00bb4.19.1&#8243; _module_preset=\u00bbdefault\u00bb global_colors_info=\u00bb{}\u00bb]<\/p>\n<p><span style=\"color: #999999;\"><a href=\"mailto:reserves@bordahereu1693.com\" style=\"color: #999999;\">reserves@bordahereu1693.com<\/a><\/span><\/p>\n<p class=\"has-grey-color has-text-color\"><span style=\"color: #999999;\"><a href=\"tel:+376364646\" style=\"color: #999999;\">Tel. +376 36 46 46<\/a><\/span><\/p>\n<p class=\"has-grey-color has-text-color\"><span style=\"color: #999999;\"><\/span><\/p>\n<p>[\/et_pb_text][\/et_pb_column][et_pb_column type=\u00bb1_5&#8243; _builder_version=\u00bb4.19.1&#8243; _module_preset=\u00bbdefault\u00bb global_colors_info=\u00bb{}\u00bb][et_pb_text _builder_version=\u00bb4.20.4&#8243; _module_preset=\u00bbdefault\u00bb custom_margin=\u00bb||13px|||\u00bb global_colors_info=\u00bb{}\u00bb]<\/p>\n<p><span style=\"color: #808080;\">HORARIO<\/span><\/p>\n<p>Lunes cerrado<br \/>Martes: 20:00 a 23:00<br \/>Mi\u00e9rcoles: 13:00 a 16:00 y 20:00 a 23:00<br \/>Jueves: 13:00 a 16:00 y 20:00 a 23:00<br \/>Viernes: 13:00 a 16:00 y 20:00 a 23:00<br \/>S\u00e1bado: 13:00 a 16:00 y 20:00 a 23:00<br \/>Domingo: de 13:00 a 16:00<\/p>\n<p>[\/et_pb_text][\/et_pb_column][et_pb_column type=\u00bb1_5&#8243; _builder_version=\u00bb4.19.1&#8243; _module_preset=\u00bbdefault\u00bb global_colors_info=\u00bb{}\u00bb][et_pb_image src=\u00bbhttps:\/\/bordahereu1693.com\/wp-content\/uploads\/2023\/06\/recomendacion.jpg\u00bb title_text=\u00bbrecomendacion\u00bb _builder_version=\u00bb4.20.4&#8243; _module_preset=\u00bbdefault\u00bb width=\u00bb78%\u00bb global_colors_info=\u00bb{}\u00bb][\/et_pb_image][\/et_pb_column][\/et_pb_row][\/et_pb_section]<\/p>\n","protected":false},"excerpt":{"rendered":"<p>Ven a probar la gastronom\u00eda de monta\u00f1a y disfruta de una borda del siglo XVII. Cuantas veces habremos o\u00eddo la famosa frase \u201cSi estas paredes hablaran\u2026\u201d. El tiempo pasa y la sociedad se transforma a gran velocidad sin embargo, hay lugares que permanecen y nos acompa\u00f1an convirti\u00e9ndose en testimonios de nuestra historia y resguardo de [&hellip;]<\/p>\n","protected":false},"author":1,"featured_media":0,"parent":0,"menu_order":0,"comment_status":"closed","ping_status":"closed","template":"","meta":{"_et_pb_use_builder":"on","_et_pb_old_content":"","_et_gb_content_width":"1080","footnotes":""},"class_list":["post-5","page","type-page","status-publish","hentry"],"yoast_head":"<!-- This site is optimized with the Yoast SEO plugin v27.4 - https:\/\/yoast.com\/product\/yoast-seo-wordpress\/ -->\n<title>Borda de l&#039; Hereu 1693 - Borda en l&#039; Encamp, Andorra<\/title>\n<meta name=\"description\" content=\"Borda en Andorra situada en el Encamp. Una aut\u00e9ntica Borda del siglo XVII especializada en gastronom\u00eda de monta\u00f1a.\" \/>\n<meta name=\"robots\" content=\"index, follow, max-snippet:-1, max-image-preview:large, max-video-preview:-1\" \/>\n<link rel=\"canonical\" href=\"https:\/\/bordahereu1693.com\/es\/\" \/>\n<meta property=\"og:locale\" content=\"es_ES\" \/>\n<meta property=\"og:type\" content=\"article\" \/>\n<meta property=\"og:title\" content=\"Borda de l&#039; Hereu 1693 - Borda en l&#039; Encamp, Andorra\" \/>\n<meta property=\"og:description\" content=\"Borda en Andorra situada en el Encamp. Una aut\u00e9ntica Borda del siglo XVII especializada en gastronom\u00eda de monta\u00f1a.\" \/>\n<meta property=\"og:url\" content=\"https:\/\/bordahereu1693.com\/es\/\" \/>\n<meta property=\"og:site_name\" content=\"La Borda de l&#039;Hereu 1693\" \/>\n<meta property=\"article:modified_time\" content=\"2025-10-17T12:07:22+00:00\" \/>\n<meta name=\"twitter:card\" content=\"summary_large_image\" \/>\n<meta name=\"twitter:label1\" content=\"Tiempo de lectura\" \/>\n\t<meta name=\"twitter:data1\" content=\"3 minutos\" \/>\n<script type=\"application\/ld+json\" class=\"yoast-schema-graph\">{\"@context\":\"https:\\\/\\\/schema.org\",\"@graph\":[{\"@type\":\"WebPage\",\"@id\":\"https:\\\/\\\/bordahereu1693.com\\\/es\\\/\",\"url\":\"https:\\\/\\\/bordahereu1693.com\\\/es\\\/\",\"name\":\"Borda de l' Hereu 1693 - Borda en l' Encamp, Andorra\",\"isPartOf\":{\"@id\":\"https:\\\/\\\/bordahereu1693.com\\\/#website\"},\"datePublished\":\"2022-11-22T22:09:10+00:00\",\"dateModified\":\"2025-10-17T12:07:22+00:00\",\"description\":\"Borda en Andorra situada en el Encamp. Una aut\u00e9ntica Borda del siglo XVII especializada en gastronom\u00eda de monta\u00f1a.\",\"breadcrumb\":{\"@id\":\"https:\\\/\\\/bordahereu1693.com\\\/es\\\/#breadcrumb\"},\"inLanguage\":\"es\",\"potentialAction\":[{\"@type\":\"ReadAction\",\"target\":[\"https:\\\/\\\/bordahereu1693.com\\\/es\\\/\"]}]},{\"@type\":\"BreadcrumbList\",\"@id\":\"https:\\\/\\\/bordahereu1693.com\\\/es\\\/#breadcrumb\",\"itemListElement\":[{\"@type\":\"ListItem\",\"position\":1,\"name\":\"Inici\",\"item\":\"https:\\\/\\\/bordahereu1693.com\\\/es\\\/\"},{\"@type\":\"ListItem\",\"position\":2,\"name\":\"Borda de l&#8217; Hereu\"}]},{\"@type\":\"WebSite\",\"@id\":\"https:\\\/\\\/bordahereu1693.com\\\/#website\",\"url\":\"https:\\\/\\\/bordahereu1693.com\\\/\",\"name\":\"La Borda de l&#039;Hereu 1693\",\"description\":\"\",\"potentialAction\":[{\"@type\":\"SearchAction\",\"target\":{\"@type\":\"EntryPoint\",\"urlTemplate\":\"https:\\\/\\\/bordahereu1693.com\\\/?s={search_term_string}\"},\"query-input\":{\"@type\":\"PropertyValueSpecification\",\"valueRequired\":true,\"valueName\":\"search_term_string\"}}],\"inLanguage\":\"es\"}]}<\/script>\n<!-- \/ Yoast SEO plugin. -->","yoast_head_json":{"title":"Borda de l' Hereu 1693 - Borda en l' Encamp, Andorra","description":"Borda en Andorra situada en el Encamp. Una aut\u00e9ntica Borda del siglo XVII especializada en gastronom\u00eda de monta\u00f1a.","robots":{"index":"index","follow":"follow","max-snippet":"max-snippet:-1","max-image-preview":"max-image-preview:large","max-video-preview":"max-video-preview:-1"},"canonical":"https:\/\/bordahereu1693.com\/es\/","og_locale":"es_ES","og_type":"article","og_title":"Borda de l' Hereu 1693 - Borda en l' Encamp, Andorra","og_description":"Borda en Andorra situada en el Encamp. Una aut\u00e9ntica Borda del siglo XVII especializada en gastronom\u00eda de monta\u00f1a.","og_url":"https:\/\/bordahereu1693.com\/es\/","og_site_name":"La Borda de l&#039;Hereu 1693","article_modified_time":"2025-10-17T12:07:22+00:00","twitter_card":"summary_large_image","twitter_misc":{"Tiempo de lectura":"3 minutos"},"schema":{"@context":"https:\/\/schema.org","@graph":[{"@type":"WebPage","@id":"https:\/\/bordahereu1693.com\/es\/","url":"https:\/\/bordahereu1693.com\/es\/","name":"Borda de l' Hereu 1693 - Borda en l' Encamp, Andorra","isPartOf":{"@id":"https:\/\/bordahereu1693.com\/#website"},"datePublished":"2022-11-22T22:09:10+00:00","dateModified":"2025-10-17T12:07:22+00:00","description":"Borda en Andorra situada en el Encamp. Una aut\u00e9ntica Borda del siglo XVII especializada en gastronom\u00eda de monta\u00f1a.","breadcrumb":{"@id":"https:\/\/bordahereu1693.com\/es\/#breadcrumb"},"inLanguage":"es","potentialAction":[{"@type":"ReadAction","target":["https:\/\/bordahereu1693.com\/es\/"]}]},{"@type":"BreadcrumbList","@id":"https:\/\/bordahereu1693.com\/es\/#breadcrumb","itemListElement":[{"@type":"ListItem","position":1,"name":"Inici","item":"https:\/\/bordahereu1693.com\/es\/"},{"@type":"ListItem","position":2,"name":"Borda de l&#8217; Hereu"}]},{"@type":"WebSite","@id":"https:\/\/bordahereu1693.com\/#website","url":"https:\/\/bordahereu1693.com\/","name":"La Borda de l&#039;Hereu 1693","description":"","potentialAction":[{"@type":"SearchAction","target":{"@type":"EntryPoint","urlTemplate":"https:\/\/bordahereu1693.com\/?s={search_term_string}"},"query-input":{"@type":"PropertyValueSpecification","valueRequired":true,"valueName":"search_term_string"}}],"inLanguage":"es"}]}},"_links":{"self":[{"href":"https:\/\/bordahereu1693.com\/es\/wp-json\/wp\/v2\/pages\/5","targetHints":{"allow":["GET"]}}],"collection":[{"href":"https:\/\/bordahereu1693.com\/es\/wp-json\/wp\/v2\/pages"}],"about":[{"href":"https:\/\/bordahereu1693.com\/es\/wp-json\/wp\/v2\/types\/page"}],"author":[{"embeddable":true,"href":"https:\/\/bordahereu1693.com\/es\/wp-json\/wp\/v2\/users\/1"}],"replies":[{"embeddable":true,"href":"https:\/\/bordahereu1693.com\/es\/wp-json\/wp\/v2\/comments?post=5"}],"version-history":[{"count":51,"href":"https:\/\/bordahereu1693.com\/es\/wp-json\/wp\/v2\/pages\/5\/revisions"}],"predecessor-version":[{"id":863,"href":"https:\/\/bordahereu1693.com\/es\/wp-json\/wp\/v2\/pages\/5\/revisions\/863"}],"wp:attachment":[{"href":"https:\/\/bordahereu1693.com\/es\/wp-json\/wp\/v2\/media?parent=5"}],"curies":[{"name":"wp","href":"https:\/\/api.w.org\/{rel}","templated":true}]}}