{"id":658,"date":"2024-06-20T21:19:34","date_gmt":"2024-06-20T21:19:34","guid":{"rendered":"https:\/\/bordahereu1693.com\/?page_id=658"},"modified":"2024-12-06T05:27:43","modified_gmt":"2024-12-06T05:27:43","slug":"la-carta","status":"publish","type":"page","link":"https:\/\/bordahereu1693.com\/es\/la-carta\/","title":{"rendered":"la carta"},"content":{"rendered":"<p>[et_pb_section fb_built=\u00bb1&#8243; _builder_version=\u00bb4.20.4&#8243; _module_preset=\u00bbdefault\u00bb global_colors_info=\u00bb{}\u00bb][et_pb_row _builder_version=\u00bb4.20.4&#8243; _module_preset=\u00bbdefault\u00bb global_colors_info=\u00bb{}\u00bb][et_pb_column type=\u00bb4_4&#8243; _builder_version=\u00bb4.20.4&#8243; _module_preset=\u00bbdefault\u00bb global_colors_info=\u00bb{}\u00bb][et_pb_image src=\u00bbhttps:\/\/bordahereu1693.com\/wp-content\/uploads\/2022\/11\/Logos-Borda-2-1024&#215;291.png\u00bb title_text=\u00bbLogos Borda 2&#8243; align=\u00bbcenter\u00bb _builder_version=\u00bb4.20.4&#8243; _module_preset=\u00bbdefault\u00bb width=\u00bb50%\u00bb global_colors_info=\u00bb{}\u00bb][\/et_pb_image][\/et_pb_column][\/et_pb_row][et_pb_row _builder_version=\u00bb4.20.4&#8243; _module_preset=\u00bbdefault\u00bb border_width_all=\u00bb1px\u00bb global_colors_info=\u00bb{}\u00bb][et_pb_column type=\u00bb4_4&#8243; _builder_version=\u00bb4.20.4&#8243; _module_preset=\u00bbdefault\u00bb global_colors_info=\u00bb{}\u00bb][et_pb_text _builder_version=\u00bb4.20.4&#8243; _module_preset=\u00bbdefault\u00bb text_font=\u00bbIndie Flower||||||||\u00bb header_2_font_size=\u00bb45px\u00bb header_3_font_size=\u00bb37px\u00bb custom_margin=\u00bb86px||||false|false\u00bb hover_enabled=\u00bb0&#8243; global_colors_info=\u00bb{}\u00bb sticky_enabled=\u00bb0&#8243;]<\/p>\n<h2 style=\"text-align: center;\"><strong>Aperitivos\u2026<\/strong><\/h2>\n<p>[\/et_pb_text][et_pb_text _builder_version=\u00bb4.20.4&#8243; _module_preset=\u00bbdefault\u00bb text_font=\u00bbIndie Flower||||||||\u00bb text_font_size=\u00bb26px\u00bb hover_enabled=\u00bb0&#8243; global_colors_info=\u00bb{}\u00bb sticky_enabled=\u00bb0&#8243;]<\/p>\n<p style=\"text-align: center;\">Patatas Bravas con morcilla<strong> 14.-<\/strong><\/p>\n<p style=\"text-align: center;\">Croqueta casera <strong>2,50<\/strong>\/unitat<\/p>\n<p style=\"text-align: center;\">Camembert al horno con sobrasada y miel de Andorra <strong>1\/2 14.- 1\/ 17.-<\/strong><\/p>\n<p style=\"text-align: center;\">Calamares andaluza con romesco y allioli<strong> 1\/2 11.- 1\/ 19.-<\/strong><\/p>\n<p style=\"text-align: center;\">Jam\u00f3n ib\u00e9rico de cebo de campo \u00abChaciner\u00edas D\u00edaz\u00bb<strong> 29.-<\/strong><\/p>\n<p style=\"text-align: center;\">Chistorra de \u00abEls Escaubells de Andorra\u00bb a la brasa <strong>15.-<\/strong><\/p>\n<p style=\"text-align: center;\">Coca de Folgueroles con Tomate y aceite de oliva <strong>6,90.-<\/strong><\/p>\n<p style=\"text-align: center;\">\n<p style=\"text-align: center;\">[\/et_pb_text][et_pb_text _builder_version=\u00bb4.20.4&#8243; _module_preset=\u00bbdefault\u00bb text_font=\u00bbIndie Flower||||||||\u00bb header_2_font_size=\u00bb45px\u00bb header_3_font_size=\u00bb37px\u00bb custom_margin=\u00bb86px||||false|false\u00bb hover_enabled=\u00bb0&#8243; global_colors_info=\u00bb{}\u00bb sticky_enabled=\u00bb0&#8243;]<\/p>\n<h2 style=\"text-align: center;\"><strong>\u00a1Empezamos muy bien!!<\/strong><\/h2>\n<p>[\/et_pb_text][et_pb_text _builder_version=\u00bb4.20.4&#8243; _module_preset=\u00bbdefault\u00bb text_font=\u00bbIndie Flower||||||||\u00bb text_font_size=\u00bb26px\u00bb header_2_line_height=\u00bb1.5em\u00bb hover_enabled=\u00bb0&#8243; global_colors_info=\u00bb{}\u00bb sticky_enabled=\u00bb0&#8243;]<\/p>\n<h2 style=\"text-align: center;\">Hummus casero, con setas salteadas de temporada i huevo \u00abMollet\u00bb <strong>20.-<\/strong><\/h2>\n<h2 style=\"text-align: center;\">Ensalada de escarola, romesco, anchoas y pimiento asado <strong>25.-<\/strong><\/h2>\n<h2 style=\"text-align: center;\">Coca de recapte casera con Bon\u00edto del norte y brotes <strong>23.-<\/strong><br \/>Del huerto a la mesa con romesco! <strong>19.-<\/strong><br \/>Habitas salteadas con cebolla dulce y pluma ib\u00e9rica <strong>1\/2 21.- 1\/ 26.-<\/strong><br \/>Carpaccio de manitas de cerdo con romesco y morcilla <strong>24.-<\/strong><br \/>Terrina crujiente de manitas de cerdo,con setas de temporada y trufa <strong>25.-<\/strong><br \/>Canel\u00f3n de pollo, setas, bechamel trufada, foie gras y teriyaki <strong>24.-<\/strong><\/h2>\n<p>[\/et_pb_text][et_pb_text _builder_version=\u00bb4.20.4&#8243; _module_preset=\u00bbdefault\u00bb text_font=\u00bbIndie Flower||||||||\u00bb header_2_font_size=\u00bb45px\u00bb header_3_font_size=\u00bb37px\u00bb custom_margin=\u00bb86px||||false|false\u00bb hover_enabled=\u00bb0&#8243; global_colors_info=\u00bb{}\u00bb sticky_enabled=\u00bb0&#8243;]<\/p>\n<h2 style=\"text-align: center;\"><strong>\u00a1Del anzuelo al plato!<\/strong><\/h2>\n<p>[\/et_pb_text][et_pb_text _builder_version=\u00bb4.20.4&#8243; _module_preset=\u00bbdefault\u00bb text_font=\u00bbIndie Flower||||||||\u00bb text_font_size=\u00bb26px\u00bb hover_enabled=\u00bb0&#8243; global_colors_info=\u00bb{}\u00bb sticky_enabled=\u00bb0&#8243;]<\/p>\n<p style=\"text-align: center;\">Mejillones a la llauna <strong>15.-<\/strong><\/p>\n<p style=\"text-align: center;\">Almejas a la llauna <strong>16.-<\/strong><\/p>\n<p style=\"text-align: center;\">Zamburi\u00f1as a la plancha <strong>23.-<\/strong><\/p>\n<p style=\"text-align: center;\">Lomo de Bacalao gratinado sobre espinacas cremosos <strong>29.-<\/strong><\/p>\n<p style=\"text-align: center;\">Peix del dia S.M<\/p>\n<p style=\"text-align: center;\">\n<p>&nbsp;<\/p>\n<p>[\/et_pb_text][et_pb_text _builder_version=\u00bb4.20.4&#8243; _module_preset=\u00bbdefault\u00bb text_font=\u00bbIndie Flower||||||||\u00bb header_2_font_size=\u00bb45px\u00bb header_3_font_size=\u00bb37px\u00bb custom_margin=\u00bb86px||86px||true|false\u00bb hover_enabled=\u00bb0&#8243; global_colors_info=\u00bb{}\u00bb sticky_enabled=\u00bb0&#8243;]<\/p>\n<h2 style=\"text-align: center;\"><strong>\u00a1El \u00abshow\u00bb de la Borda de l&#8217;Hereu!<\/strong><\/h2>\n<p>[\/et_pb_text][et_pb_text _builder_version=\u00bb4.20.4&#8243; _module_preset=\u00bbdefault\u00bb text_font=\u00bbIndie Flower||||||||\u00bb text_font_size=\u00bb26px\u00bb hover_enabled=\u00bb0&#8243; global_colors_info=\u00bb{}\u00bb sticky_enabled=\u00bb0&#8243;]<\/p>\n<p style=\"text-align: center;\">Arroz de monta\u00f1a con setas, costilla, botifarra y verduras <strong>25.-<\/strong><\/p>\n<p style=\"text-align: center;\">Arroz de setas de temporada con pluma ib\u00e9rica y tartufata <strong>26.-<\/strong><\/p>\n<p style=\"text-align: center;\">T\u00e0rtar de buey Simmental a cuchillo con foie gras rallado <strong>31.-<\/strong><\/p>\n<p style=\"text-align: center;\">Hamburguesa de l&#8217;Hereu 1693, sobre brioche tostado, brots frescos y tartara <strong>29.-<\/strong><\/p>\n<p style=\"text-align: center;\">Filet de Bou amb escalopa de foie, tartufata i toc de fum <strong>30.-<\/strong><\/p>\n<p style=\"text-align: center;\">Paletilla de Cordero de Arag\u00f3n a baja temperatura 6H a 80\u00baC (m\u00edn. 2PAX) <strong>30.-\/pax<\/strong><\/p>\n<p style=\"text-align: center;\">[\/et_pb_text][et_pb_text _builder_version=\u00bb4.20.4&#8243; _module_preset=\u00bbdefault\u00bb text_font=\u00bbIndie Flower||||||||\u00bb header_2_font_size=\u00bb45px\u00bb header_3_font_size=\u00bb37px\u00bb custom_margin=\u00bb86px||71px||false|false\u00bb hover_enabled=\u00bb0&#8243; global_colors_info=\u00bb{}\u00bb sticky_enabled=\u00bb0&#8243;]<\/p>\n<h2 style=\"text-align: center;\"><strong>Nuestra brasa<\/strong><\/h2>\n<p>[\/et_pb_text][et_pb_text _builder_version=\u00bb4.20.4&#8243; _module_preset=\u00bbdefault\u00bb text_font=\u00bbIndie Flower||||||||\u00bb text_font_size=\u00bb26px\u00bb header_2_line_height=\u00bb1.5em\u00bb hover_enabled=\u00bb0&#8243; global_colors_info=\u00bb{}\u00bb sticky_enabled=\u00bb0&#8243;]<\/p>\n<p style=\"text-align: center;\">Botifarra d&#8217;Andorra 19.-<\/p>\n<p style=\"text-align: center;\">Graellada de carn de la Borda (m\u00edn 2 Pax), Onglet de bou franc\u00e8s, secret ib\u00e8ric, botifarra 25.-<\/p>\n<p style=\"text-align: center;\">Secret de porc ib\u00e8ric amb chimichurri de festucs 27.-<\/p>\n<p style=\"text-align: center;\">Ploma ib\u00e8rica ab chimihurri de festucs 28.-<\/p>\n<p style=\"text-align: center;\">Entrecot de vaca Simmental 32.-<\/p>\n<p style=\"text-align: center;\">Costella de Black Angus 0,5 Kg 46.-<\/p>\n<p style=\"text-align: center;\">Costella de vaca Simmental 1,8 Kg 130.-<\/p>\n<p style=\"text-align: center;\">Costella Rossa Gallega 1,2 Kg, Madurada 95.-<\/p>\n<p style=\"text-align: center;\"><em>Todas nuestras carnes van acompa\u00f1adas de patatas caseras y ensalada <\/em><\/p>\n<p>[\/et_pb_text][et_pb_text _builder_version=\u00bb4.20.4&#8243; _module_preset=\u00bbdefault\u00bb text_font=\u00bbIndie Flower||||||||\u00bb header_2_font_size=\u00bb45px\u00bb header_3_font_size=\u00bb37px\u00bb custom_margin=\u00bb123px||53px||false|false\u00bb hover_enabled=\u00bb0&#8243; global_colors_info=\u00bb{}\u00bb sticky_enabled=\u00bb0&#8243;]<\/p>\n<h2 style=\"text-align: center;\"><strong>El moment dol\u00e7 de la Borda de l&#8217;Hereu 1693! <\/strong><\/h2>\n<p>[\/et_pb_text][et_pb_text _builder_version=\u00bb4.20.4&#8243; _module_preset=\u00bbdefault\u00bb text_font=\u00bbIndie Flower||||||||\u00bb text_font_size=\u00bb29px\u00bb text_line_height=\u00bb1em\u00bb global_colors_info=\u00bb{}\u00bb]<\/p>\n<p style=\"text-align: center;\">Coulant de xocolata belga amb crema anglesa i rosa\u00e7a de nata <strong>8.-<\/strong><\/p>\n<p style=\"text-align: center;\">Past\u00eds de fotmage crema sobre base de galeta amb coulis de gerds <strong>8.-<\/strong><\/p>\n<p style=\"text-align: center;\">Tarta de Pera de la Borda de l&#8217;Hereu amb gelat de coco <strong>8.-<\/strong><\/p>\n<p style=\"text-align: center;\">Ganache de xocolata amb oli d&#8217;oliva i sal maldon <strong>8.-<\/strong><\/p>\n<p style=\"text-align: center;\">Torrija casolana toc de flor de taronjer, gelat de carb\u00f3 actiu i vanilla i crema anglesa <strong>10.-<\/strong><\/p>\n<p style=\"text-align: center;\">Mousse de mascarpone amb maduixes i crumble 8.-<\/p>\n<p style=\"text-align: center;\">Carpaccio de Pinya amb sorbet de Mandarina i coulis de gerds <strong>8.-<\/strong><\/p>\n<p style=\"text-align: center;\">Gelat de festuc artesanal <strong>8.-<\/strong><\/p>\n<p style=\"text-align: center;\">Gelat de torr\u00f3 de xixona amb crumble casol\u00e0 <strong>8.-<\/strong><\/p>\n<p style=\"text-align: center;\">Taula de formatges amb melmelades casolanes <strong>12.-<\/strong><\/p>\n<p style=\"text-align: center;\">Gelats al gust amb nata <strong>8.-<\/strong><\/p>\n<p style=\"text-align: center;\">Arr\u00f2s amb llet amb polsim de canyella <strong>8.-<\/strong><\/p>\n<p style=\"text-align: center;\">Iogurt de Casa Raubert amb mel d&#8217;Andorra <strong>6,90.-<\/strong><\/p>\n<p style=\"text-align: center;\">Mat\u00f3 de llet de vaca de Casa Raubert amb mel d&#8217;Andorra <strong>6,90.-<\/strong><\/p>\n<p style=\"text-align: center;\">Recuit de llet d&#8217;ovella de Casa Raubert amb mel d&#8217;Andorra <strong>6,90.-<\/strong><\/p>\n<p>[\/et_pb_text][\/et_pb_column][\/et_pb_row][\/et_pb_section][et_pb_section fb_built=\u00bb1&#8243; _builder_version=\u00bb4.20.4&#8243; _module_preset=\u00bbdefault\u00bb global_colors_info=\u00bb{}\u00bb][\/et_pb_section]<\/p>\n","protected":false},"excerpt":{"rendered":"<p>Aperitivos\u2026Patatas Bravas con morcilla 14.- Croqueta casera 2,50\/unitat Camembert al horno con sobrasada y miel de Andorra 1\/2 14.- 1\/ 17.- Calamares andaluza con romesco y allioli 1\/2 11.- 1\/ 19.- Jam\u00f3n ib\u00e9rico de cebo de campo \u00abChaciner\u00edas D\u00edaz\u00bb 29.- Chistorra de \u00abEls Escaubells de Andorra\u00bb a la brasa 15.- Coca de Folgueroles con Tomate [&hellip;]<\/p>\n","protected":false},"author":1,"featured_media":0,"parent":0,"menu_order":0,"comment_status":"closed","ping_status":"closed","template":"","meta":{"_et_pb_use_builder":"on","_et_pb_old_content":"","_et_gb_content_width":"","footnotes":""},"class_list":["post-658","page","type-page","status-publish","hentry"],"yoast_head":"<!-- This site is optimized with the Yoast SEO plugin v27.5 - https:\/\/yoast.com\/product\/yoast-seo-wordpress\/ -->\n<title>la carta - La Borda de l&#039;Hereu 1693<\/title>\n<meta name=\"robots\" content=\"index, follow, max-snippet:-1, max-image-preview:large, max-video-preview:-1\" \/>\n<link rel=\"canonical\" href=\"https:\/\/bordahereu1693.com\/es\/la-carta\/\" \/>\n<meta property=\"og:locale\" content=\"es_ES\" \/>\n<meta property=\"og:type\" content=\"article\" \/>\n<meta property=\"og:title\" content=\"la carta - La Borda de l&#039;Hereu 1693\" \/>\n<meta property=\"og:description\" content=\"Aperitivos\u2026Patatas Bravas con morcilla 14.- Croqueta casera 2,50\/unitat Camembert al horno con sobrasada y miel de Andorra 1\/2 14.- 1\/ 17.- Calamares andaluza con romesco y allioli 1\/2 11.- 1\/ 19.- Jam\u00f3n ib\u00e9rico de cebo de campo &quot;Chaciner\u00edas D\u00edaz&quot; 29.- Chistorra de &quot;Els Escaubells de Andorra&quot; a la brasa 15.- Coca de Folgueroles con Tomate [&hellip;]\" \/>\n<meta property=\"og:url\" content=\"https:\/\/bordahereu1693.com\/es\/la-carta\/\" \/>\n<meta property=\"og:site_name\" content=\"La Borda de l&#039;Hereu 1693\" \/>\n<meta property=\"article:modified_time\" content=\"2024-12-06T05:27:43+00:00\" \/>\n<meta name=\"twitter:card\" content=\"summary_large_image\" \/>\n<script type=\"application\/ld+json\" class=\"yoast-schema-graph\">{\"@context\":\"https:\\\/\\\/schema.org\",\"@graph\":[{\"@type\":\"WebPage\",\"@id\":\"https:\\\/\\\/bordahereu1693.com\\\/es\\\/la-carta\\\/\",\"url\":\"https:\\\/\\\/bordahereu1693.com\\\/es\\\/la-carta\\\/\",\"name\":\"la carta - La Borda de l&#039;Hereu 1693\",\"isPartOf\":{\"@id\":\"https:\\\/\\\/bordahereu1693.com\\\/#website\"},\"datePublished\":\"2024-06-20T21:19:34+00:00\",\"dateModified\":\"2024-12-06T05:27:43+00:00\",\"breadcrumb\":{\"@id\":\"https:\\\/\\\/bordahereu1693.com\\\/es\\\/la-carta\\\/#breadcrumb\"},\"inLanguage\":\"es\",\"potentialAction\":[{\"@type\":\"ReadAction\",\"target\":[\"https:\\\/\\\/bordahereu1693.com\\\/es\\\/la-carta\\\/\"]}]},{\"@type\":\"BreadcrumbList\",\"@id\":\"https:\\\/\\\/bordahereu1693.com\\\/es\\\/la-carta\\\/#breadcrumb\",\"itemListElement\":[{\"@type\":\"ListItem\",\"position\":1,\"name\":\"Inici\",\"item\":\"https:\\\/\\\/bordahereu1693.com\\\/es\\\/\"},{\"@type\":\"ListItem\",\"position\":2,\"name\":\"la carta\"}]},{\"@type\":\"WebSite\",\"@id\":\"https:\\\/\\\/bordahereu1693.com\\\/#website\",\"url\":\"https:\\\/\\\/bordahereu1693.com\\\/\",\"name\":\"La Borda de l&#039;Hereu 1693\",\"description\":\"\",\"potentialAction\":[{\"@type\":\"SearchAction\",\"target\":{\"@type\":\"EntryPoint\",\"urlTemplate\":\"https:\\\/\\\/bordahereu1693.com\\\/?s={search_term_string}\"},\"query-input\":{\"@type\":\"PropertyValueSpecification\",\"valueRequired\":true,\"valueName\":\"search_term_string\"}}],\"inLanguage\":\"es\"}]}<\/script>\n<!-- \/ Yoast SEO plugin. -->","yoast_head_json":{"title":"la carta - La Borda de l&#039;Hereu 1693","robots":{"index":"index","follow":"follow","max-snippet":"max-snippet:-1","max-image-preview":"max-image-preview:large","max-video-preview":"max-video-preview:-1"},"canonical":"https:\/\/bordahereu1693.com\/es\/la-carta\/","og_locale":"es_ES","og_type":"article","og_title":"la carta - La Borda de l&#039;Hereu 1693","og_description":"Aperitivos\u2026Patatas Bravas con morcilla 14.- Croqueta casera 2,50\/unitat Camembert al horno con sobrasada y miel de Andorra 1\/2 14.- 1\/ 17.- Calamares andaluza con romesco y allioli 1\/2 11.- 1\/ 19.- Jam\u00f3n ib\u00e9rico de cebo de campo \"Chaciner\u00edas D\u00edaz\" 29.- Chistorra de \"Els Escaubells de Andorra\" a la brasa 15.- Coca de Folgueroles con Tomate [&hellip;]","og_url":"https:\/\/bordahereu1693.com\/es\/la-carta\/","og_site_name":"La Borda de l&#039;Hereu 1693","article_modified_time":"2024-12-06T05:27:43+00:00","twitter_card":"summary_large_image","schema":{"@context":"https:\/\/schema.org","@graph":[{"@type":"WebPage","@id":"https:\/\/bordahereu1693.com\/es\/la-carta\/","url":"https:\/\/bordahereu1693.com\/es\/la-carta\/","name":"la carta - La Borda de l&#039;Hereu 1693","isPartOf":{"@id":"https:\/\/bordahereu1693.com\/#website"},"datePublished":"2024-06-20T21:19:34+00:00","dateModified":"2024-12-06T05:27:43+00:00","breadcrumb":{"@id":"https:\/\/bordahereu1693.com\/es\/la-carta\/#breadcrumb"},"inLanguage":"es","potentialAction":[{"@type":"ReadAction","target":["https:\/\/bordahereu1693.com\/es\/la-carta\/"]}]},{"@type":"BreadcrumbList","@id":"https:\/\/bordahereu1693.com\/es\/la-carta\/#breadcrumb","itemListElement":[{"@type":"ListItem","position":1,"name":"Inici","item":"https:\/\/bordahereu1693.com\/es\/"},{"@type":"ListItem","position":2,"name":"la carta"}]},{"@type":"WebSite","@id":"https:\/\/bordahereu1693.com\/#website","url":"https:\/\/bordahereu1693.com\/","name":"La Borda de l&#039;Hereu 1693","description":"","potentialAction":[{"@type":"SearchAction","target":{"@type":"EntryPoint","urlTemplate":"https:\/\/bordahereu1693.com\/?s={search_term_string}"},"query-input":{"@type":"PropertyValueSpecification","valueRequired":true,"valueName":"search_term_string"}}],"inLanguage":"es"}]}},"_links":{"self":[{"href":"https:\/\/bordahereu1693.com\/es\/wp-json\/wp\/v2\/pages\/658","targetHints":{"allow":["GET"]}}],"collection":[{"href":"https:\/\/bordahereu1693.com\/es\/wp-json\/wp\/v2\/pages"}],"about":[{"href":"https:\/\/bordahereu1693.com\/es\/wp-json\/wp\/v2\/types\/page"}],"author":[{"embeddable":true,"href":"https:\/\/bordahereu1693.com\/es\/wp-json\/wp\/v2\/users\/1"}],"replies":[{"embeddable":true,"href":"https:\/\/bordahereu1693.com\/es\/wp-json\/wp\/v2\/comments?post=658"}],"version-history":[{"count":20,"href":"https:\/\/bordahereu1693.com\/es\/wp-json\/wp\/v2\/pages\/658\/revisions"}],"predecessor-version":[{"id":761,"href":"https:\/\/bordahereu1693.com\/es\/wp-json\/wp\/v2\/pages\/658\/revisions\/761"}],"wp:attachment":[{"href":"https:\/\/bordahereu1693.com\/es\/wp-json\/wp\/v2\/media?parent=658"}],"curies":[{"name":"wp","href":"https:\/\/api.w.org\/{rel}","templated":true}]}}